{"id":4349,"date":"2025-07-22T23:29:00","date_gmt":"2025-07-22T23:29:00","guid":{"rendered":"https:\/\/veterinariavalentina.com\/tienda\/?post_type=product&#038;p=4349"},"modified":"2025-07-22T23:31:22","modified_gmt":"2025-07-22T23:31:22","slug":"eukanuba-perro-adulto-raza-pequena-sabor-mix-15-kg-copia","status":"publish","type":"product","link":"https:\/\/veterinariavalentina.com\/tienda\/product\/eukanuba-perro-adulto-raza-pequena-sabor-mix-15-kg-copia\/","title":{"rendered":"Eukanuba raza peque\u00f1a sabor mix 15 kg"},"content":{"rendered":"<p>La selecci\u00f3n de un alimento adecuado para tu mascota es muy importante para garantizar su crecimiento, desarrollo y salud. Con esta opci\u00f3n de Eukanuba podr\u00e1s cubrir las necesidades nutricionales y energ\u00e9ticas de tu perro.<\/p>\n<p>Tu mascota siempre saludable<br \/>\nEllos son parte de la familia y nos regalan su compa\u00f1\u00eda y su cari\u00f1o. Para que se mantengan sanos y fuertes, una alimentaci\u00f3n balanceada es esencial. Brindale a tu perro los nutrientes que necesita para que pueda correr, saltar y jugar todo el d\u00eda.<\/p>\n<p>Beneficios del alimento seco<br \/>\nLa mayor ventaja de la comida seca para mascotas es que se puede almacenar por mucho m\u00e1s tiempo sin que se deteriore, y evita la aparici\u00f3n de hongos o bacterias. Adem\u00e1s, este tipo de alimento ayuda a eliminar el sarro y a retrasar la formaci\u00f3n de la placa dental con el proceso de masticaci\u00f3n y trituraci\u00f3n.<\/p>\n","protected":false},"excerpt":{"rendered":"<p>La selecci\u00f3n de un alimento adecuado para tu mascota es muy importante para garantizar su crecimiento, desarrollo y salud. Con esta opci\u00f3n de Eukanuba podr\u00e1s cubrir las necesidades nutricionales y energ\u00e9ticas de tu perro.<\/p>\n","protected":false},"featured_media":3890,"comment_status":"open","ping_status":"closed","template":"","meta":{"_uag_custom_page_level_css":"","site-sidebar-layout":"default","site-content-layout":"","ast-site-content-layout":"default","site-content-style":"default","site-sidebar-style":"default","ast-global-header-display":"","ast-banner-title-visibility":"","ast-main-header-display":"","ast-hfb-above-header-display":"","ast-hfb-below-header-display":"","ast-hfb-mobile-header-display":"","site-post-title":"","ast-breadcrumbs-content":"","ast-featured-img":"","footer-sml-layout":"","theme-transparent-header-meta":"default","adv-header-id-meta":"","stick-header-meta":"","header-above-stick-meta":"","header-main-stick-meta":"","header-below-stick-meta":"","astra-migrate-meta-layouts":"set","ast-page-background-enabled":"default","ast-page-background-meta":{"desktop":{"background-color":"var(--ast-global-color-4)","background-image":"","background-repeat":"repeat","background-position":"center center","background-size":"auto","background-attachment":"scroll","background-type":"","background-media":"","overlay-type":"","overlay-color":"","overlay-opacity":"","overlay-gradient":""},"tablet":{"background-color":"","background-image":"","background-repeat":"repeat","background-position":"center center","background-size":"auto","background-attachment":"scroll","background-type":"","background-media":"","overlay-type":"","overlay-color":"","overlay-opacity":"","overlay-gradient":""},"mobile":{"background-color":"","background-image":"","background-repeat":"repeat","background-position":"center center","background-size":"auto","background-attachment":"scroll","background-type":"","background-media":"","overlay-type":"","overlay-color":"","overlay-opacity":"","overlay-gradient":""}},"ast-content-background-meta":{"desktop":{"background-color":"var(--ast-global-color-5)","background-image":"","background-repeat":"repeat","background-position":"center center","background-size":"auto","background-attachment":"scroll","background-type":"","background-media":"","overlay-type":"","overlay-color":"","overlay-opacity":"","overlay-gradient":""},"tablet":{"background-color":"var(--ast-global-color-5)","background-image":"","background-repeat":"repeat","background-position":"center center","background-size":"auto","background-attachment":"scroll","background-type":"","background-media":"","overlay-type":"","overlay-color":"","overlay-opacity":"","overlay-gradient":""},"mobile":{"background-color":"var(--ast-global-color-5)","background-image":"","background-repeat":"repeat","background-position":"center center","background-size":"auto","background-attachment":"scroll","background-type":"","background-media":"","overlay-type":"","overlay-color":"","overlay-opacity":"","overlay-gradient":""}}},"product_brand":[],"product_cat":[44,48,47],"product_tag":[],"class_list":{"0":"post-4349","1":"product","2":"type-product","3":"status-publish","4":"has-post-thumbnail","6":"product_cat-alimento-perro","7":"product_cat-mas-vendidos","8":"product_cat-ofertas","9":"desktop-align-left","10":"tablet-align-left","11":"mobile-align-left","13":"first","14":"instock","15":"sale","16":"shipping-taxable","17":"purchasable","18":"product-type-simple"},"uagb_featured_image_src":{"full":["https:\/\/veterinariavalentina.com\/tienda\/wp-content\/uploads\/2025\/07\/3.webp",355,355,false],"thumbnail":["https:\/\/veterinariavalentina.com\/tienda\/wp-content\/uploads\/2025\/07\/3-150x150.jpg",150,150,true],"medium":["https:\/\/veterinariavalentina.com\/tienda\/wp-content\/uploads\/2025\/07\/3-300x300.webp",300,300,true],"medium_large":["https:\/\/veterinariavalentina.com\/tienda\/wp-content\/uploads\/2025\/07\/3.webp",355,355,false],"large":["https:\/\/veterinariavalentina.com\/tienda\/wp-content\/uploads\/2025\/07\/3.webp",355,355,false],"1536x1536":["https:\/\/veterinariavalentina.com\/tienda\/wp-content\/uploads\/2025\/07\/3.webp",355,355,false],"2048x2048":["https:\/\/veterinariavalentina.com\/tienda\/wp-content\/uploads\/2025\/07\/3.webp",355,355,false],"woocommerce_thumbnail":["https:\/\/veterinariavalentina.com\/tienda\/wp-content\/uploads\/2025\/07\/3-300x300.webp",300,300,true],"woocommerce_single":["https:\/\/veterinariavalentina.com\/tienda\/wp-content\/uploads\/2025\/07\/3.webp",355,355,false],"woocommerce_gallery_thumbnail":["https:\/\/veterinariavalentina.com\/tienda\/wp-content\/uploads\/2025\/07\/3-100x100.jpg",100,100,true]},"uagb_author_info":{"display_name":"figueroasacha14","author_link":"https:\/\/veterinariavalentina.com\/tienda\/author\/"},"uagb_comment_info":0,"uagb_excerpt":"La selecci\u00f3n de un alimento adecuado para tu mascota es muy importante para garantizar su crecimiento, desarrollo y salud. Con esta opci\u00f3n de Eukanuba podr\u00e1s cubrir las necesidades nutricionales y energ\u00e9ticas de tu perro.","_links":{"self":[{"href":"https:\/\/veterinariavalentina.com\/tienda\/wp-json\/wp\/v2\/product\/4349","targetHints":{"allow":["GET"]}}],"collection":[{"href":"https:\/\/veterinariavalentina.com\/tienda\/wp-json\/wp\/v2\/product"}],"about":[{"href":"https:\/\/veterinariavalentina.com\/tienda\/wp-json\/wp\/v2\/types\/product"}],"replies":[{"embeddable":true,"href":"https:\/\/veterinariavalentina.com\/tienda\/wp-json\/wp\/v2\/comments?post=4349"}],"wp:featuredmedia":[{"embeddable":true,"href":"https:\/\/veterinariavalentina.com\/tienda\/wp-json\/wp\/v2\/media\/3890"}],"wp:attachment":[{"href":"https:\/\/veterinariavalentina.com\/tienda\/wp-json\/wp\/v2\/media?parent=4349"}],"wp:term":[{"taxonomy":"product_brand","embeddable":true,"href":"https:\/\/veterinariavalentina.com\/tienda\/wp-json\/wp\/v2\/product_brand?post=4349"},{"taxonomy":"product_cat","embeddable":true,"href":"https:\/\/veterinariavalentina.com\/tienda\/wp-json\/wp\/v2\/product_cat?post=4349"},{"taxonomy":"product_tag","embeddable":true,"href":"https:\/\/veterinariavalentina.com\/tienda\/wp-json\/wp\/v2\/product_tag?post=4349"}],"curies":[{"name":"wp","href":"https:\/\/api.w.org\/{rel}","templated":true}]}}