{"id":4348,"date":"2025-07-22T23:28:35","date_gmt":"2025-07-22T23:28:35","guid":{"rendered":"https:\/\/veterinariavalentina.com\/tienda\/?post_type=product&#038;p=4348"},"modified":"2025-07-22T23:31:09","modified_gmt":"2025-07-22T23:31:09","slug":"pro-plan-optihealth-perro-adulto-raza-pequena-pollo-y-arroz-de-7-5-kg-copia","status":"publish","type":"product","link":"https:\/\/veterinariavalentina.com\/tienda\/product\/pro-plan-optihealth-perro-adulto-raza-pequena-pollo-y-arroz-de-7-5-kg-copia\/","title":{"rendered":"Pro Plan OptiHealth raza peque\u00f1a pollo y arroz de 7.5 kg"},"content":{"rendered":"<p>Purina\u00ae Pro Plan\u00ae<br \/>\nAdulto Razas Peque\u00f1as<\/p>\n<p>Provee nutrici\u00f3n de avanzada que ayuda a los perros de razas peque\u00f1as a mantenerse fuertes y llenos de vitalidad.<\/p>\n<p>Para satisfacer las necesidades nutricionales espec\u00edficas de los perros de razas peque\u00f1as, PRO PLAN\u00ae ha desarrollado OptiHealth Razas Peque\u00f1as, una f\u00f3rmula que ofrece nutrici\u00f3n concentrada con \u00f3ptimos niveles de prote\u00ednas (29%) y grasas (17%).<\/p>\n<p>Descripci\u00f3n del producto<br \/>\nBENEFICIOS:<br \/>\nFormulado con la tecnolog\u00eda OptiHealth que ayuda a fortalecer el sistema inmune y digestivo, principalmente a trav\u00e9s de la incorporaci\u00f3n de Spirulina en su f\u00f3rmula cuya efectividad ha sido cient\u00edficamente probada.<br \/>\nCon carne fresca de pollo, fuente de prote\u00ednas de calidad, que son altamente digestible y presentan alto valor biol\u00f3gico, reduciendo la generaci\u00f3n de residuos proteicos. Altamente palatable.<br \/>\n\u00d3ptimo balance de calcio y f\u00f3sforo para mantener dientes sanos y fuertes.<br \/>\nDesarrollado con la cantidad de energ\u00eda que los perros de razas peque\u00f1as necesitan para mantenerse sanos y activos.<\/p>\n<p>Ingredientes y Nutrici\u00f3n<br \/>\nCarne de Pollo, Arroz, Harina de Subproductos de Pollo, Ma\u00edz, Harina de Gluten de Ma\u00edz, Grasa Vacuna y\/o Aceite de Pollo Preservados con Tocoferoles Mezclados (Fuente de Vitamina E), Trigo, Digesto Animal (A Base de Subproductos de Pollo y\/o Porcino), Carbonato de Calcio y\/o Fosfato Bicalcico, Cloruro de Potasio, Huevo en Polvo, Sal, Aceite de Pescado, Cloruro de Colina, L-Lisina, Spirulina (Arthrospira platensis), Suplementos Vitam\u00ednicos (A, D3, E, B12), Dl-Metionina, Taurina, Levadura Seca (Saccharomyces cerevisiae ssp), Sulfato de Zinc, Proteinato de Zinc, Sulfato Ferroso, Sulfato de Manganeso, Proteinato de Manganeso, Sulfato de Cobre, Proteinato de Cobre, Iodato de Calcio, Selenito de Sodio, BHT, Niacina, Pantotenato de Calcio, Suplemento de Riboavina, Mononitrato de Tiamina, \u00c1cido F\u00f3lico, Clorhidrato de Piridoxina.<\/p>\n","protected":false},"excerpt":{"rendered":"<p>Provee nutrici\u00f3n de avanzada que ayuda a los perros de razas peque\u00f1as a mantenerse fuertes y llenos de vitalidad.<\/p>\n","protected":false},"featured_media":3888,"comment_status":"open","ping_status":"closed","template":"","meta":{"_uag_custom_page_level_css":"","site-sidebar-layout":"default","site-content-layout":"","ast-site-content-layout":"default","site-content-style":"default","site-sidebar-style":"default","ast-global-header-display":"","ast-banner-title-visibility":"","ast-main-header-display":"","ast-hfb-above-header-display":"","ast-hfb-below-header-display":"","ast-hfb-mobile-header-display":"","site-post-title":"","ast-breadcrumbs-content":"","ast-featured-img":"","footer-sml-layout":"","theme-transparent-header-meta":"default","adv-header-id-meta":"","stick-header-meta":"","header-above-stick-meta":"","header-main-stick-meta":"","header-below-stick-meta":"","astra-migrate-meta-layouts":"set","ast-page-background-enabled":"default","ast-page-background-meta":{"desktop":{"background-color":"var(--ast-global-color-4)","background-image":"","background-repeat":"repeat","background-position":"center center","background-size":"auto","background-attachment":"scroll","background-type":"","background-media":"","overlay-type":"","overlay-color":"","overlay-opacity":"","overlay-gradient":""},"tablet":{"background-color":"","background-image":"","background-repeat":"repeat","background-position":"center center","background-size":"auto","background-attachment":"scroll","background-type":"","background-media":"","overlay-type":"","overlay-color":"","overlay-opacity":"","overlay-gradient":""},"mobile":{"background-color":"","background-image":"","background-repeat":"repeat","background-position":"center center","background-size":"auto","background-attachment":"scroll","background-type":"","background-media":"","overlay-type":"","overlay-color":"","overlay-opacity":"","overlay-gradient":""}},"ast-content-background-meta":{"desktop":{"background-color":"var(--ast-global-color-5)","background-image":"","background-repeat":"repeat","background-position":"center center","background-size":"auto","background-attachment":"scroll","background-type":"","background-media":"","overlay-type":"","overlay-color":"","overlay-opacity":"","overlay-gradient":""},"tablet":{"background-color":"var(--ast-global-color-5)","background-image":"","background-repeat":"repeat","background-position":"center center","background-size":"auto","background-attachment":"scroll","background-type":"","background-media":"","overlay-type":"","overlay-color":"","overlay-opacity":"","overlay-gradient":""},"mobile":{"background-color":"var(--ast-global-color-5)","background-image":"","background-repeat":"repeat","background-position":"center center","background-size":"auto","background-attachment":"scroll","background-type":"","background-media":"","overlay-type":"","overlay-color":"","overlay-opacity":"","overlay-gradient":""}}},"product_brand":[],"product_cat":[44,48,47],"product_tag":[],"class_list":{"0":"post-4348","1":"product","2":"type-product","3":"status-publish","4":"has-post-thumbnail","6":"product_cat-alimento-perro","7":"product_cat-mas-vendidos","8":"product_cat-ofertas","9":"desktop-align-left","10":"tablet-align-left","11":"mobile-align-left","13":"first","14":"instock","15":"sale","16":"shipping-taxable","17":"purchasable","18":"product-type-simple"},"uagb_featured_image_src":{"full":["https:\/\/veterinariavalentina.com\/tienda\/wp-content\/uploads\/2025\/07\/5.webp",355,355,false],"thumbnail":["https:\/\/veterinariavalentina.com\/tienda\/wp-content\/uploads\/2025\/07\/5-150x150.webp",150,150,true],"medium":["https:\/\/veterinariavalentina.com\/tienda\/wp-content\/uploads\/2025\/07\/5-300x300.webp",300,300,true],"medium_large":["https:\/\/veterinariavalentina.com\/tienda\/wp-content\/uploads\/2025\/07\/5.webp",355,355,false],"large":["https:\/\/veterinariavalentina.com\/tienda\/wp-content\/uploads\/2025\/07\/5.webp",355,355,false],"1536x1536":["https:\/\/veterinariavalentina.com\/tienda\/wp-content\/uploads\/2025\/07\/5.webp",355,355,false],"2048x2048":["https:\/\/veterinariavalentina.com\/tienda\/wp-content\/uploads\/2025\/07\/5.webp",355,355,false],"woocommerce_thumbnail":["https:\/\/veterinariavalentina.com\/tienda\/wp-content\/uploads\/2025\/07\/5-300x300.webp",300,300,true],"woocommerce_single":["https:\/\/veterinariavalentina.com\/tienda\/wp-content\/uploads\/2025\/07\/5.webp",355,355,false],"woocommerce_gallery_thumbnail":["https:\/\/veterinariavalentina.com\/tienda\/wp-content\/uploads\/2025\/07\/5-100x100.webp",100,100,true]},"uagb_author_info":{"display_name":"figueroasacha14","author_link":"https:\/\/veterinariavalentina.com\/tienda\/author\/"},"uagb_comment_info":0,"uagb_excerpt":"Provee nutrici\u00f3n de avanzada que ayuda a los perros de razas peque\u00f1as a mantenerse fuertes y llenos de vitalidad.","_links":{"self":[{"href":"https:\/\/veterinariavalentina.com\/tienda\/wp-json\/wp\/v2\/product\/4348","targetHints":{"allow":["GET"]}}],"collection":[{"href":"https:\/\/veterinariavalentina.com\/tienda\/wp-json\/wp\/v2\/product"}],"about":[{"href":"https:\/\/veterinariavalentina.com\/tienda\/wp-json\/wp\/v2\/types\/product"}],"replies":[{"embeddable":true,"href":"https:\/\/veterinariavalentina.com\/tienda\/wp-json\/wp\/v2\/comments?post=4348"}],"wp:featuredmedia":[{"embeddable":true,"href":"https:\/\/veterinariavalentina.com\/tienda\/wp-json\/wp\/v2\/media\/3888"}],"wp:attachment":[{"href":"https:\/\/veterinariavalentina.com\/tienda\/wp-json\/wp\/v2\/media?parent=4348"}],"wp:term":[{"taxonomy":"product_brand","embeddable":true,"href":"https:\/\/veterinariavalentina.com\/tienda\/wp-json\/wp\/v2\/product_brand?post=4348"},{"taxonomy":"product_cat","embeddable":true,"href":"https:\/\/veterinariavalentina.com\/tienda\/wp-json\/wp\/v2\/product_cat?post=4348"},{"taxonomy":"product_tag","embeddable":true,"href":"https:\/\/veterinariavalentina.com\/tienda\/wp-json\/wp\/v2\/product_tag?post=4348"}],"curies":[{"name":"wp","href":"https:\/\/api.w.org\/{rel}","templated":true}]}}