{"id":3812,"date":"2025-07-09T20:16:15","date_gmt":"2025-07-09T20:16:15","guid":{"rendered":"https:\/\/veterinariavalentina.com\/tienda\/?post_type=product&#038;p=3812"},"modified":"2025-07-22T23:30:25","modified_gmt":"2025-07-22T23:30:25","slug":"alimento-royal-canin-gatos-castrados-weight-control-adulto-de-raza-todos-sabor-mix-de-12-kg","status":"publish","type":"product","link":"https:\/\/veterinariavalentina.com\/tienda\/product\/alimento-royal-canin-gatos-castrados-weight-control-adulto-de-raza-todos-sabor-mix-de-12-kg\/","title":{"rendered":"Royal Canin Gatos Castrados Weight Control 12 kg"},"content":{"rendered":"<p>Royal Canin Weight Control 12k Gatos Castrados, alimento Seco para Gato Castrados Weight Control.<br \/>\nUn alimento para gatos adultos castrados que ayuda a mantenerlos en estado \u00f3ptimo de salud.<\/p>\n<p>Mascota: Gato<br \/>\nTipo de Alimento: Seco<br \/>\nEdad de la Mascota: Adulto<br \/>\nTama\u00f1o de la Mascota: Todos<br \/>\nTama\u00f1o de la Mordida: \u00danica<br \/>\nTipo de Presentaci\u00f3n: Bolsa<br \/>\nProte\u00ednas del Producto: 35% Prote\u00ednas<br \/>\nGrasa del Producto: 10% Grasa<br \/>\nSodio del Producto: 1% Sodio<br \/>\nRazas Espec\u00edficas: Todas las Razas<br \/>\nUnidades por Bulto Cerrado: 1 Unidad<\/p>\n<p>Royal Canin produce alimentos centrados en las necesidades \u00fanicas de tu mascota, brinda una nutrici\u00f3n espec\u00edfica y eficaz, y lo ayuda a convertirse en su mejor versi\u00f3n.<\/p>\n<p>Tu mascota siempre saludable<br \/>\nUna alimentaci\u00f3n equilibrada es esencial para que tu fiel compa\u00f1ero se mantenga sano y fuerte. La dieta de tu gato se refleja en su pelaje, por eso es de vital importancia que contenga todos los nutrientes necesarios para su crecimiento. Asegura la energ\u00eda y vitalidad de tu amigo para que pueda correr, saltar y jugar todo el d\u00eda.<\/p>\n<p>Control de peso<br \/>\nLos kilos de m\u00e1s pueden perjudicar la calidad de vida de tu mascota al disminuir su movilidad. Este alimento contiene menor cantidad de grasa que la comida est\u00e1ndar y, a su vez, est\u00e1 enriquecido con nutrientes esenciales para satisfacer todas sus necesidades.<\/p>\n<p>Beneficios del alimento seco<br \/>\nLa mayor ventaja de la comida seca para mascotas es que se puede almacenar por mucho m\u00e1s tiempo sin que se deteriore, y evita la aparici\u00f3n de hongos o bacterias. Adem\u00e1s, este tipo de alimento ayuda a eliminar el sarro y a retrasar la formaci\u00f3n de la placa dental con el proceso de masticaci\u00f3n y trituraci\u00f3n.<\/p>\n","protected":false},"excerpt":{"rendered":"<p>Royal Canin Weight Control 12k Gatos Castrados, alimento Seco para Gato Castrados Weight Control.<br \/>\nUn alimento para gatos adultos castrados que ayuda a mantenerlos en estado \u00f3ptimo de salud.<\/p>\n","protected":false},"featured_media":3892,"comment_status":"open","ping_status":"closed","template":"","meta":{"_uag_custom_page_level_css":"","site-sidebar-layout":"default","site-content-layout":"","ast-site-content-layout":"default","site-content-style":"default","site-sidebar-style":"default","ast-global-header-display":"","ast-banner-title-visibility":"","ast-main-header-display":"","ast-hfb-above-header-display":"","ast-hfb-below-header-display":"","ast-hfb-mobile-header-display":"","site-post-title":"","ast-breadcrumbs-content":"","ast-featured-img":"","footer-sml-layout":"","theme-transparent-header-meta":"default","adv-header-id-meta":"","stick-header-meta":"","header-above-stick-meta":"","header-main-stick-meta":"","header-below-stick-meta":"","astra-migrate-meta-layouts":"set","ast-page-background-enabled":"default","ast-page-background-meta":{"desktop":{"background-color":"var(--ast-global-color-4)","background-image":"","background-repeat":"repeat","background-position":"center center","background-size":"auto","background-attachment":"scroll","background-type":"","background-media":"","overlay-type":"","overlay-color":"","overlay-opacity":"","overlay-gradient":""},"tablet":{"background-color":"","background-image":"","background-repeat":"repeat","background-position":"center center","background-size":"auto","background-attachment":"scroll","background-type":"","background-media":"","overlay-type":"","overlay-color":"","overlay-opacity":"","overlay-gradient":""},"mobile":{"background-color":"","background-image":"","background-repeat":"repeat","background-position":"center center","background-size":"auto","background-attachment":"scroll","background-type":"","background-media":"","overlay-type":"","overlay-color":"","overlay-opacity":"","overlay-gradient":""}},"ast-content-background-meta":{"desktop":{"background-color":"var(--ast-global-color-5)","background-image":"","background-repeat":"repeat","background-position":"center center","background-size":"auto","background-attachment":"scroll","background-type":"","background-media":"","overlay-type":"","overlay-color":"","overlay-opacity":"","overlay-gradient":""},"tablet":{"background-color":"var(--ast-global-color-5)","background-image":"","background-repeat":"repeat","background-position":"center center","background-size":"auto","background-attachment":"scroll","background-type":"","background-media":"","overlay-type":"","overlay-color":"","overlay-opacity":"","overlay-gradient":""},"mobile":{"background-color":"var(--ast-global-color-5)","background-image":"","background-repeat":"repeat","background-position":"center center","background-size":"auto","background-attachment":"scroll","background-type":"","background-media":"","overlay-type":"","overlay-color":"","overlay-opacity":"","overlay-gradient":""}}},"product_brand":[],"product_cat":[45,48,47],"product_tag":[],"class_list":{"0":"post-3812","1":"product","2":"type-product","3":"status-publish","4":"has-post-thumbnail","6":"product_cat-alimento-gato","7":"product_cat-mas-vendidos","8":"product_cat-ofertas","9":"desktop-align-left","10":"tablet-align-left","11":"mobile-align-left","13":"first","14":"instock","15":"sale","16":"shipping-taxable","17":"purchasable","18":"product-type-simple"},"uagb_featured_image_src":{"full":["https:\/\/veterinariavalentina.com\/tienda\/wp-content\/uploads\/2025\/07\/1-1.webp",355,355,false],"thumbnail":["https:\/\/veterinariavalentina.com\/tienda\/wp-content\/uploads\/2025\/07\/1-1-150x150.webp",150,150,true],"medium":["https:\/\/veterinariavalentina.com\/tienda\/wp-content\/uploads\/2025\/07\/1-1-300x300.webp",300,300,true],"medium_large":["https:\/\/veterinariavalentina.com\/tienda\/wp-content\/uploads\/2025\/07\/1-1.webp",355,355,false],"large":["https:\/\/veterinariavalentina.com\/tienda\/wp-content\/uploads\/2025\/07\/1-1.webp",355,355,false],"1536x1536":["https:\/\/veterinariavalentina.com\/tienda\/wp-content\/uploads\/2025\/07\/1-1.webp",355,355,false],"2048x2048":["https:\/\/veterinariavalentina.com\/tienda\/wp-content\/uploads\/2025\/07\/1-1.webp",355,355,false],"woocommerce_thumbnail":["https:\/\/veterinariavalentina.com\/tienda\/wp-content\/uploads\/2025\/07\/1-1-300x300.webp",300,300,true],"woocommerce_single":["https:\/\/veterinariavalentina.com\/tienda\/wp-content\/uploads\/2025\/07\/1-1.webp",355,355,false],"woocommerce_gallery_thumbnail":["https:\/\/veterinariavalentina.com\/tienda\/wp-content\/uploads\/2025\/07\/1-1-100x100.webp",100,100,true]},"uagb_author_info":{"display_name":"figueroasacha14","author_link":"https:\/\/veterinariavalentina.com\/tienda\/author\/"},"uagb_comment_info":0,"uagb_excerpt":"Royal Canin Weight Control 12k Gatos Castrados, alimento Seco para Gato Castrados Weight Control. Un alimento para gatos adultos castrados que ayuda a mantenerlos en estado \u00f3ptimo de salud.","_links":{"self":[{"href":"https:\/\/veterinariavalentina.com\/tienda\/wp-json\/wp\/v2\/product\/3812","targetHints":{"allow":["GET"]}}],"collection":[{"href":"https:\/\/veterinariavalentina.com\/tienda\/wp-json\/wp\/v2\/product"}],"about":[{"href":"https:\/\/veterinariavalentina.com\/tienda\/wp-json\/wp\/v2\/types\/product"}],"replies":[{"embeddable":true,"href":"https:\/\/veterinariavalentina.com\/tienda\/wp-json\/wp\/v2\/comments?post=3812"}],"wp:featuredmedia":[{"embeddable":true,"href":"https:\/\/veterinariavalentina.com\/tienda\/wp-json\/wp\/v2\/media\/3892"}],"wp:attachment":[{"href":"https:\/\/veterinariavalentina.com\/tienda\/wp-json\/wp\/v2\/media?parent=3812"}],"wp:term":[{"taxonomy":"product_brand","embeddable":true,"href":"https:\/\/veterinariavalentina.com\/tienda\/wp-json\/wp\/v2\/product_brand?post=3812"},{"taxonomy":"product_cat","embeddable":true,"href":"https:\/\/veterinariavalentina.com\/tienda\/wp-json\/wp\/v2\/product_cat?post=3812"},{"taxonomy":"product_tag","embeddable":true,"href":"https:\/\/veterinariavalentina.com\/tienda\/wp-json\/wp\/v2\/product_tag?post=3812"}],"curies":[{"name":"wp","href":"https:\/\/api.w.org\/{rel}","templated":true}]}}