{"id":1441,"date":"2025-07-05T21:23:37","date_gmt":"2025-07-05T21:23:37","guid":{"rendered":"https:\/\/veterinariavalentina.com\/tienda\/contact\/"},"modified":"2025-07-29T18:38:42","modified_gmt":"2025-07-29T18:38:42","slug":"contact","status":"publish","type":"page","link":"https:\/\/veterinariavalentina.com\/tienda\/contact\/","title":{"rendered":"Contacto"},"content":{"rendered":"\t\t<div data-elementor-type=\"wp-page\" data-elementor-id=\"1441\" class=\"elementor elementor-1441\" data-elementor-post-type=\"page\">\n\t\t\t\t\t\t<section class=\"elementor-section elementor-top-section elementor-element elementor-element-nn3vgj0 elementor-section-full_width elementor-section-content-middle elementor-section-stretched elementor-section-height-default elementor-section-height-default wpr-particle-no wpr-jarallax-no wpr-parallax-no wpr-sticky-section-no\" data-id=\"nn3vgj0\" data-element_type=\"section\" data-settings=\"{&quot;stretch_section&quot;:&quot;section-stretched&quot;}\">\n\t\t\t\t\t\t<div class=\"elementor-container elementor-column-gap-no\">\n\t\t\t\t\t<div class=\"elementor-column elementor-col-50 elementor-top-column elementor-element elementor-element-9b87e0a\" data-id=\"9b87e0a\" data-element_type=\"column\">\n\t\t\t<div class=\"elementor-widget-wrap elementor-element-populated\">\n\t\t\t\t\t\t<section class=\"elementor-section elementor-inner-section elementor-element elementor-element-9eef096 elementor-section-boxed elementor-section-height-default elementor-section-height-default wpr-particle-no wpr-jarallax-no wpr-parallax-no wpr-sticky-section-no\" data-id=\"9eef096\" data-element_type=\"section\">\n\t\t\t\t\t\t<div class=\"elementor-container elementor-column-gap-no\">\n\t\t\t\t\t<div class=\"elementor-column elementor-col-100 elementor-inner-column elementor-element elementor-element-898da71\" data-id=\"898da71\" data-element_type=\"column\">\n\t\t\t<div class=\"elementor-widget-wrap elementor-element-populated\">\n\t\t\t\t\t\t<div class=\"elementor-element elementor-element-4b3d96b elementor-widget elementor-widget-heading\" data-id=\"4b3d96b\" data-element_type=\"widget\" data-widget_type=\"heading.default\">\n\t\t\t\t<div class=\"elementor-widget-container\">\n\t\t\t\t\t<h4 class=\"elementor-heading-title elementor-size-default\">\u00bfQuer\u00e9s hacer una consulta o necesit\u00e1s ayuda con tu compra?\n<\/h4>\t\t\t\t<\/div>\n\t\t\t\t<\/div>\n\t\t\t\t<div class=\"elementor-element elementor-element-223627c elementor-widget elementor-widget-text-editor\" data-id=\"223627c\" data-element_type=\"widget\" data-widget_type=\"text-editor.default\">\n\t\t\t\t<div class=\"elementor-widget-container\">\n\t\t\t\t\t\t\t\t\t<p>\u00a1Estamos para asistirte! \ud83d\udc3e<\/p><p>\u00a0<\/p><p>\ud83d\udce6 Si realizaste tu pedido a trav\u00e9s de nuestra tienda online, pronto nos estaremos contactando por WhatsApp para coordinar el env\u00edo.<\/p><p>\u00a0<\/p><p>\ud83c\udfe0 Tambi\u00e9n pod\u00e9s retirar tu compra en el local si seleccionaste esa opci\u00f3n al finalizar la compra.<\/p><p>\u00a0<\/p><p>\ud83d\udc69\u200d\u2695\ufe0f \u00bfNecesit\u00e1s atenci\u00f3n veterinaria o quer\u00e9s solicitar un turno para control?<\/p><p>\u00a0<\/p><p>Comunicate con nosotros por tel\u00e9fono o WhatsApp, y te responderemos a la brevedad.<\/p><p>\u00a0<\/p><p>Tu bienestar y el de tu mascota son nuestra prioridad \ud83d\udc9a<\/p>\t\t\t\t\t\t\t\t<\/div>\n\t\t\t\t<\/div>\n\t\t\t\t\t<\/div>\n\t\t<\/div>\n\t\t\t\t\t<\/div>\n\t\t<\/section>\n\t\t\t\t<section class=\"elementor-section elementor-inner-section elementor-element elementor-element-4cb5784 elementor-section-boxed elementor-section-height-default elementor-section-height-default wpr-particle-no wpr-jarallax-no wpr-parallax-no wpr-sticky-section-no\" data-id=\"4cb5784\" data-element_type=\"section\">\n\t\t\t\t\t\t<div class=\"elementor-container elementor-column-gap-no\">\n\t\t\t\t\t<div class=\"elementor-column elementor-col-50 elementor-inner-column elementor-element elementor-element-d1cbfb7\" data-id=\"d1cbfb7\" data-element_type=\"column\">\n\t\t\t<div class=\"elementor-widget-wrap elementor-element-populated\">\n\t\t\t\t\t\t<div class=\"elementor-element elementor-element-2608b37 elementor-widget elementor-widget-heading\" data-id=\"2608b37\" data-element_type=\"widget\" data-widget_type=\"heading.default\">\n\t\t\t\t<div class=\"elementor-widget-container\">\n\t\t\t\t\t<h4 class=\"elementor-heading-title elementor-size-default\">Contacto<\/h4>\t\t\t\t<\/div>\n\t\t\t\t<\/div>\n\t\t\t\t<div class=\"elementor-element elementor-element-8b68b0f elementor-widget elementor-widget-text-editor\" data-id=\"8b68b0f\" data-element_type=\"widget\" data-widget_type=\"text-editor.default\">\n\t\t\t\t<div class=\"elementor-widget-container\">\n\t\t\t\t\t\t\t\t\t<p>Av. Serrana manzana 141 parcela 12, La Punta, San Luis<\/p><p>Dr. Carlos Erviti 02954316440<\/p>\t\t\t\t\t\t\t\t<\/div>\n\t\t\t\t<\/div>\n\t\t\t\t\t<\/div>\n\t\t<\/div>\n\t\t\t\t<div class=\"elementor-column elementor-col-50 elementor-inner-column elementor-element elementor-element-6da9398\" data-id=\"6da9398\" data-element_type=\"column\">\n\t\t\t<div class=\"elementor-widget-wrap elementor-element-populated\">\n\t\t\t\t\t\t<div class=\"elementor-element elementor-element-d7d7f26 elementor-widget elementor-widget-heading\" data-id=\"d7d7f26\" data-element_type=\"widget\" data-widget_type=\"heading.default\">\n\t\t\t\t<div class=\"elementor-widget-container\">\n\t\t\t\t\t<h4 class=\"elementor-heading-title elementor-size-default\">Horarios<\/h4>\t\t\t\t<\/div>\n\t\t\t\t<\/div>\n\t\t\t\t<div class=\"elementor-element elementor-element-b607f61 elementor-widget__width-initial elementor-icon-list--layout-traditional elementor-list-item-link-full_width elementor-widget elementor-widget-icon-list\" data-id=\"b607f61\" data-element_type=\"widget\" data-widget_type=\"icon-list.default\">\n\t\t\t\t<div class=\"elementor-widget-container\">\n\t\t\t\t\t\t\t<ul class=\"elementor-icon-list-items\">\n\t\t\t\t\t\t\t<li class=\"elementor-icon-list-item\">\n\t\t\t\t\t\t\t\t\t\t<span class=\"elementor-icon-list-text\">Lunes a Viernes - 10AM a 9PM<\/span>\n\t\t\t\t\t\t\t\t\t<\/li>\n\t\t\t\t\t\t\t\t<li class=\"elementor-icon-list-item\">\n\t\t\t\t\t\t\t\t\t\t<span class=\"elementor-icon-list-text\">Sabados - 10AM a 2PM<\/span>\n\t\t\t\t\t\t\t\t\t<\/li>\n\t\t\t\t\t\t<\/ul>\n\t\t\t\t\t\t<\/div>\n\t\t\t\t<\/div>\n\t\t\t\t\t<\/div>\n\t\t<\/div>\n\t\t\t\t\t<\/div>\n\t\t<\/section>\n\t\t\t\t\t<\/div>\n\t\t<\/div>\n\t\t\t\t<div class=\"elementor-column elementor-col-50 elementor-top-column elementor-element elementor-element-ff15cd3\" data-id=\"ff15cd3\" data-element_type=\"column\">\n\t\t\t<div class=\"elementor-widget-wrap elementor-element-populated\">\n\t\t\t\t\t\t<div class=\"elementor-element elementor-element-9cfc5ba elementor-widget__width-initial elementor-widget elementor-widget-google_maps\" data-id=\"9cfc5ba\" data-element_type=\"widget\" data-widget_type=\"google_maps.default\">\n\t\t\t\t<div class=\"elementor-widget-container\">\n\t\t\t\t\t\t\t<div class=\"elementor-custom-embed\">\n\t\t\t<iframe loading=\"lazy\"\n\t\t\t\t\tsrc=\"https:\/\/maps.google.com\/maps?q=-33.182523268062745%2C%20-66.31356983337797&#038;t=m&#038;z=16&#038;output=embed&#038;iwloc=near\"\n\t\t\t\t\ttitle=\"-33.182523268062745, -66.31356983337797\"\n\t\t\t\t\taria-label=\"-33.182523268062745, -66.31356983337797\"\n\t\t\t><\/iframe>\n\t\t<\/div>\n\t\t\t\t\t\t<\/div>\n\t\t\t\t<\/div>\n\t\t\t\t\t<\/div>\n\t\t<\/div>\n\t\t\t\t\t<\/div>\n\t\t<\/section>\n\t\t\t\t<\/div>\n\t\t","protected":false},"excerpt":{"rendered":"<p>\u00bfQuer\u00e9s hacer una consulta o necesit\u00e1s ayuda con tu compra? \u00a1Estamos para asistirte! \ud83d\udc3e \u00a0 \ud83d\udce6 Si realizaste tu pedido a trav\u00e9s de nuestra tienda online, pronto nos estaremos contactando por WhatsApp para coordinar el env\u00edo. \u00a0 \ud83c\udfe0 Tambi\u00e9n pod\u00e9s retirar tu compra en el local si seleccionaste esa opci\u00f3n al finalizar la compra. \u00a0 \ud83d\udc69\u200d\u2695\ufe0f \u00bfNecesit\u00e1s atenci\u00f3n veterinaria o quer\u00e9s solicitar un turno para control? \u00a0 Comunicate con nosotros por tel\u00e9fono o WhatsApp, y te responderemos a la brevedad. \u00a0 Tu bienestar y el de tu mascota son nuestra prioridad \ud83d\udc9a Contacto Av. Serrana manzana 141 parcela 12, La Punta, San Luis Dr. Carlos Erviti 02954316440 Horarios Lunes a Viernes &#8211; 10AM a 9PM Sabados &#8211; 10AM a 2PM<\/p>\n","protected":false},"author":1,"featured_media":0,"parent":0,"menu_order":0,"comment_status":"closed","ping_status":"closed","template":"","meta":{"_uag_custom_page_level_css":"","site-sidebar-layout":"no-sidebar","site-content-layout":"","ast-site-content-layout":"full-width-container","site-content-style":"default","site-sidebar-style":"default","ast-global-header-display":"","ast-banner-title-visibility":"disabled","ast-main-header-display":"","ast-hfb-above-header-display":"","ast-hfb-below-header-display":"","ast-hfb-mobile-header-display":"","site-post-title":"disabled","ast-breadcrumbs-content":"","ast-featured-img":"","footer-sml-layout":"","theme-transparent-header-meta":"enabled","adv-header-id-meta":"","stick-header-meta":"","header-above-stick-meta":"","header-main-stick-meta":"","header-below-stick-meta":"","astra-migrate-meta-layouts":"set","ast-page-background-enabled":"default","ast-page-background-meta":{"desktop":{"background-color":"var(--ast-global-color-4)","background-image":"","background-repeat":"repeat","background-position":"center center","background-size":"auto","background-attachment":"scroll","background-type":"","background-media":"","overlay-type":"","overlay-color":"","overlay-opacity":"","overlay-gradient":""},"tablet":{"background-color":"","background-image":"","background-repeat":"repeat","background-position":"center center","background-size":"auto","background-attachment":"scroll","background-type":"","background-media":"","overlay-type":"","overlay-color":"","overlay-opacity":"","overlay-gradient":""},"mobile":{"background-color":"","background-image":"","background-repeat":"repeat","background-position":"center center","background-size":"auto","background-attachment":"scroll","background-type":"","background-media":"","overlay-type":"","overlay-color":"","overlay-opacity":"","overlay-gradient":""}},"ast-content-background-meta":{"desktop":{"background-color":"var(--ast-global-color-5)","background-image":"","background-repeat":"repeat","background-position":"center center","background-size":"auto","background-attachment":"scroll","background-type":"","background-media":"","overlay-type":"","overlay-color":"","overlay-opacity":"","overlay-gradient":""},"tablet":{"background-color":"var(--ast-global-color-5)","background-image":"","background-repeat":"repeat","background-position":"center center","background-size":"auto","background-attachment":"scroll","background-type":"","background-media":"","overlay-type":"","overlay-color":"","overlay-opacity":"","overlay-gradient":""},"mobile":{"background-color":"var(--ast-global-color-5)","background-image":"","background-repeat":"repeat","background-position":"center center","background-size":"auto","background-attachment":"scroll","background-type":"","background-media":"","overlay-type":"","overlay-color":"","overlay-opacity":"","overlay-gradient":""}},"footnotes":""},"class_list":["post-1441","page","type-page","status-publish","hentry"],"uagb_featured_image_src":{"full":false,"thumbnail":false,"medium":false,"medium_large":false,"large":false,"1536x1536":false,"2048x2048":false,"woocommerce_thumbnail":false,"woocommerce_single":false,"woocommerce_gallery_thumbnail":false},"uagb_author_info":{"display_name":"figueroasacha14","author_link":"https:\/\/veterinariavalentina.com\/tienda\/author\/figueroasacha14\/"},"uagb_comment_info":0,"uagb_excerpt":"\u00bfQuer\u00e9s hacer una consulta o necesit\u00e1s ayuda con tu compra? \u00a1Estamos para asistirte! \ud83d\udc3e \u00a0 \ud83d\udce6 Si realizaste tu pedido a trav\u00e9s de nuestra tienda online, pronto nos estaremos contactando por WhatsApp para coordinar el env\u00edo. \u00a0 \ud83c\udfe0 Tambi\u00e9n pod\u00e9s retirar tu compra en el local si seleccionaste esa opci\u00f3n al finalizar la compra. \u00a0&hellip;","_links":{"self":[{"href":"https:\/\/veterinariavalentina.com\/tienda\/wp-json\/wp\/v2\/pages\/1441","targetHints":{"allow":["GET"]}}],"collection":[{"href":"https:\/\/veterinariavalentina.com\/tienda\/wp-json\/wp\/v2\/pages"}],"about":[{"href":"https:\/\/veterinariavalentina.com\/tienda\/wp-json\/wp\/v2\/types\/page"}],"author":[{"embeddable":true,"href":"https:\/\/veterinariavalentina.com\/tienda\/wp-json\/wp\/v2\/users\/1"}],"replies":[{"embeddable":true,"href":"https:\/\/veterinariavalentina.com\/tienda\/wp-json\/wp\/v2\/comments?post=1441"}],"version-history":[{"count":27,"href":"https:\/\/veterinariavalentina.com\/tienda\/wp-json\/wp\/v2\/pages\/1441\/revisions"}],"predecessor-version":[{"id":4413,"href":"https:\/\/veterinariavalentina.com\/tienda\/wp-json\/wp\/v2\/pages\/1441\/revisions\/4413"}],"wp:attachment":[{"href":"https:\/\/veterinariavalentina.com\/tienda\/wp-json\/wp\/v2\/media?parent=1441"}],"curies":[{"name":"wp","href":"https:\/\/api.w.org\/{rel}","templated":true}]}}